{"id":4044,"date":"2025-06-18T14:37:17","date_gmt":"2025-06-18T12:37:17","guid":{"rendered":"https:\/\/translate.danijel-interijeri.konncept.info\/wettbewerb\/"},"modified":"2025-07-02T15:14:49","modified_gmt":"2025-07-02T13:14:49","slug":"wettbewerb","status":"publish","type":"page","link":"https:\/\/danijel-interijeri.com\/de\/wettbewerb\/","title":{"rendered":"Wettbewerb"},"content":{"rendered":"\n<h2 class=\"wp-block-heading\">Wir suchen Mitarbeiter.<\/h2>\n\n<p>Du bist kreativ, handwerklich begabt oder hast ein Talent f\u00fcr die Produktion? <\/p>\n\n<p>Wenn Sie sich in den aufgef\u00fchrten Fragen wiederfinden, sind Sie bei uns genau richtig. Danijel Interijeri besch\u00e4ftigt zwei Mitarbeiter mit Erfahrung in der M\u00f6belmontage und -produktion. <\/p>\n\n<p>Wir freuen uns auf Ihre Bewerbungen.<\/p>\n\n<p>Kontaktieren Sie uns unter der Mobilnummer: <strong>098 \/ 315 333<\/strong><\/p>\n","protected":false},"excerpt":{"rendered":"<p>Wir suchen Mitarbeiter. Du bist kreativ, handwerklich begabt oder hast ein Talent f\u00fcr die Produktion? Wenn Sie sich in den aufgef\u00fchrten Fragen wiederfinden, sind Sie bei uns genau richtig. Danijel Interijeri besch\u00e4ftigt zwei Mitarbeiter mit Erfahrung in der M\u00f6belmontage und -produktion. Wir freuen uns auf Ihre Bewerbungen. Kontaktieren Sie uns unter der Mobilnummer: 098 \/ [&hellip;]<\/p>\n","protected":false},"author":3,"featured_media":5619,"parent":0,"menu_order":10,"comment_status":"closed","ping_status":"closed","template":"","meta":{"iawp_total_views":2,"footnotes":""},"hf_cat_page":[11],"class_list":["post-4044","page","type-page","status-publish","has-post-thumbnail","hentry"],"yoast_head":"<!-- This site is optimized with the Yoast SEO plugin v27.3 - https:\/\/yoast.com\/product\/yoast-seo-wordpress\/ -->\n<title>Wettbewerb - Daniel Interiors<\/title>\n<meta name=\"description\" content=\"Danijel interijeri d.o.o. - Prilago\u0111ena i cjelovita rje\u0161enje dizajna Va\u0161eg doma, poslovnog ili trgova\u010dkog prostora.\" \/>\n<meta name=\"robots\" content=\"index, follow, max-snippet:-1, max-image-preview:large, max-video-preview:-1\" \/>\n<link rel=\"canonical\" href=\"https:\/\/danijel-interijeri.com\/de\/wettbewerb\/\" \/>\n<meta property=\"og:locale\" content=\"de_DE\" \/>\n<meta property=\"og:type\" content=\"article\" \/>\n<meta property=\"og:title\" content=\"Wettbewerb - Daniel Interiors\" \/>\n<meta property=\"og:description\" content=\"Danijel interijeri d.o.o. - Prilago\u0111ena i cjelovita rje\u0161enje dizajna Va\u0161eg doma, poslovnog ili trgova\u010dkog prostora.\" \/>\n<meta property=\"og:url\" content=\"https:\/\/danijel-interijeri.com\/de\/wettbewerb\/\" \/>\n<meta property=\"og:site_name\" content=\"Daniel Interiors\" \/>\n<meta property=\"article:publisher\" content=\"https:\/\/www.facebook.com\/danijelinterijeri\" \/>\n<meta property=\"article:modified_time\" content=\"2025-07-02T13:14:49+00:00\" \/>\n<meta property=\"og:image\" content=\"https:\/\/danijel-interijeri.com\/wp-content\/uploads\/danijel-interijeri-Izrada-namjestaja-po-mjeri-kucni-uredi-2.jpg\" \/>\n\t<meta property=\"og:image:width\" content=\"1920\" \/>\n\t<meta property=\"og:image:height\" content=\"1493\" \/>\n\t<meta property=\"og:image:type\" content=\"image\/jpeg\" \/>\n<meta name=\"twitter:card\" content=\"summary_large_image\" \/>\n<script type=\"application\/ld+json\" class=\"yoast-schema-graph\">{\"@context\":\"https:\\\/\\\/schema.org\",\"@graph\":[{\"@type\":\"WebPage\",\"@id\":\"https:\\\/\\\/danijel-interijeri.com\\\/de\\\/wettbewerb\\\/\",\"url\":\"https:\\\/\\\/danijel-interijeri.com\\\/de\\\/wettbewerb\\\/\",\"name\":\"Wettbewerb - Daniel Interiors\",\"isPartOf\":{\"@id\":\"https:\\\/\\\/danijel-interijeri.com\\\/ru\\\/#website\"},\"primaryImageOfPage\":{\"@id\":\"https:\\\/\\\/danijel-interijeri.com\\\/de\\\/wettbewerb\\\/#primaryimage\"},\"image\":{\"@id\":\"https:\\\/\\\/danijel-interijeri.com\\\/de\\\/wettbewerb\\\/#primaryimage\"},\"thumbnailUrl\":\"https:\\\/\\\/danijel-interijeri.com\\\/wp-content\\\/uploads\\\/danijel-interijeri-Izrada-namjestaja-po-mjeri-kucni-uredi-2.jpg\",\"datePublished\":\"2025-06-18T12:37:17+00:00\",\"dateModified\":\"2025-07-02T13:14:49+00:00\",\"description\":\"Danijel interijeri d.o.o. - Prilago\u0111ena i cjelovita rje\u0161enje dizajna Va\u0161eg doma, poslovnog ili trgova\u010dkog prostora.\",\"breadcrumb\":{\"@id\":\"https:\\\/\\\/danijel-interijeri.com\\\/de\\\/wettbewerb\\\/#breadcrumb\"},\"inLanguage\":\"de\",\"potentialAction\":[{\"@type\":\"ReadAction\",\"target\":[\"https:\\\/\\\/danijel-interijeri.com\\\/de\\\/wettbewerb\\\/\"]}]},{\"@type\":\"ImageObject\",\"inLanguage\":\"de\",\"@id\":\"https:\\\/\\\/danijel-interijeri.com\\\/de\\\/wettbewerb\\\/#primaryimage\",\"url\":\"https:\\\/\\\/danijel-interijeri.com\\\/wp-content\\\/uploads\\\/danijel-interijeri-Izrada-namjestaja-po-mjeri-kucni-uredi-2.jpg\",\"contentUrl\":\"https:\\\/\\\/danijel-interijeri.com\\\/wp-content\\\/uploads\\\/danijel-interijeri-Izrada-namjestaja-po-mjeri-kucni-uredi-2.jpg\",\"width\":1920,\"height\":1493},{\"@type\":\"BreadcrumbList\",\"@id\":\"https:\\\/\\\/danijel-interijeri.com\\\/de\\\/wettbewerb\\\/#breadcrumb\",\"itemListElement\":[{\"@type\":\"ListItem\",\"position\":1,\"name\":\"Po\u010detna stranica\",\"item\":\"https:\\\/\\\/danijel-interijeri.com\\\/de\\\/heim\\\/\"},{\"@type\":\"ListItem\",\"position\":2,\"name\":\"Wettbewerb\"}]},{\"@type\":\"WebSite\",\"@id\":\"https:\\\/\\\/danijel-interijeri.com\\\/ru\\\/#website\",\"url\":\"https:\\\/\\\/danijel-interijeri.com\\\/ru\\\/\",\"name\":\"Danijel interijeri d.o.o. - Nema ograni\u010denja, samo mogu\u0107nosti!\",\"description\":\"Vebsajt u izradi\",\"publisher\":{\"@id\":\"https:\\\/\\\/danijel-interijeri.com\\\/ru\\\/#organization\"},\"alternateName\":\"Danijel interijeri d.o.o. - Nema ograni\u010denja, samo mogu\u0107nosti\",\"potentialAction\":[{\"@type\":\"SearchAction\",\"target\":{\"@type\":\"EntryPoint\",\"urlTemplate\":\"https:\\\/\\\/danijel-interijeri.com\\\/ru\\\/?s={search_term_string}\"},\"query-input\":{\"@type\":\"PropertyValueSpecification\",\"valueRequired\":true,\"valueName\":\"search_term_string\"}}],\"inLanguage\":\"de\"},{\"@type\":\"Organization\",\"@id\":\"https:\\\/\\\/danijel-interijeri.com\\\/ru\\\/#organization\",\"name\":\"Danijel interijeri d.o.o.\",\"url\":\"https:\\\/\\\/danijel-interijeri.com\\\/ru\\\/\",\"logo\":{\"@type\":\"ImageObject\",\"inLanguage\":\"de\",\"@id\":\"https:\\\/\\\/danijel-interijeri.com\\\/ru\\\/#\\\/schema\\\/logo\\\/image\\\/\",\"url\":\"https:\\\/\\\/danijel-interijeri.com\\\/wp-content\\\/uploads\\\/danijel-interijeri-Izrada-namjestaja-po-mjeri-hrvatska-logo.jpg\",\"contentUrl\":\"https:\\\/\\\/danijel-interijeri.com\\\/wp-content\\\/uploads\\\/danijel-interijeri-Izrada-namjestaja-po-mjeri-hrvatska-logo.jpg\",\"width\":247,\"height\":108,\"caption\":\"Danijel interijeri d.o.o.\"},\"image\":{\"@id\":\"https:\\\/\\\/danijel-interijeri.com\\\/ru\\\/#\\\/schema\\\/logo\\\/image\\\/\"},\"sameAs\":[\"https:\\\/\\\/www.facebook.com\\\/danijelinterijeri\"]}]}<\/script>\n<!-- \/ Yoast SEO plugin. -->","yoast_head_json":{"title":"Wettbewerb - Daniel Interiors","description":"Danijel interijeri d.o.o. - Prilago\u0111ena i cjelovita rje\u0161enje dizajna Va\u0161eg doma, poslovnog ili trgova\u010dkog prostora.","robots":{"index":"index","follow":"follow","max-snippet":"max-snippet:-1","max-image-preview":"max-image-preview:large","max-video-preview":"max-video-preview:-1"},"canonical":"https:\/\/danijel-interijeri.com\/de\/wettbewerb\/","og_locale":"de_DE","og_type":"article","og_title":"Wettbewerb - Daniel Interiors","og_description":"Danijel interijeri d.o.o. - Prilago\u0111ena i cjelovita rje\u0161enje dizajna Va\u0161eg doma, poslovnog ili trgova\u010dkog prostora.","og_url":"https:\/\/danijel-interijeri.com\/de\/wettbewerb\/","og_site_name":"Daniel Interiors","article_publisher":"https:\/\/www.facebook.com\/danijelinterijeri","article_modified_time":"2025-07-02T13:14:49+00:00","og_image":[{"width":1920,"height":1493,"url":"https:\/\/danijel-interijeri.com\/wp-content\/uploads\/danijel-interijeri-Izrada-namjestaja-po-mjeri-kucni-uredi-2.jpg","type":"image\/jpeg"}],"twitter_card":"summary_large_image","schema":{"@context":"https:\/\/schema.org","@graph":[{"@type":"WebPage","@id":"https:\/\/danijel-interijeri.com\/de\/wettbewerb\/","url":"https:\/\/danijel-interijeri.com\/de\/wettbewerb\/","name":"Wettbewerb - Daniel Interiors","isPartOf":{"@id":"https:\/\/danijel-interijeri.com\/ru\/#website"},"primaryImageOfPage":{"@id":"https:\/\/danijel-interijeri.com\/de\/wettbewerb\/#primaryimage"},"image":{"@id":"https:\/\/danijel-interijeri.com\/de\/wettbewerb\/#primaryimage"},"thumbnailUrl":"https:\/\/danijel-interijeri.com\/wp-content\/uploads\/danijel-interijeri-Izrada-namjestaja-po-mjeri-kucni-uredi-2.jpg","datePublished":"2025-06-18T12:37:17+00:00","dateModified":"2025-07-02T13:14:49+00:00","description":"Danijel interijeri d.o.o. - Prilago\u0111ena i cjelovita rje\u0161enje dizajna Va\u0161eg doma, poslovnog ili trgova\u010dkog prostora.","breadcrumb":{"@id":"https:\/\/danijel-interijeri.com\/de\/wettbewerb\/#breadcrumb"},"inLanguage":"de","potentialAction":[{"@type":"ReadAction","target":["https:\/\/danijel-interijeri.com\/de\/wettbewerb\/"]}]},{"@type":"ImageObject","inLanguage":"de","@id":"https:\/\/danijel-interijeri.com\/de\/wettbewerb\/#primaryimage","url":"https:\/\/danijel-interijeri.com\/wp-content\/uploads\/danijel-interijeri-Izrada-namjestaja-po-mjeri-kucni-uredi-2.jpg","contentUrl":"https:\/\/danijel-interijeri.com\/wp-content\/uploads\/danijel-interijeri-Izrada-namjestaja-po-mjeri-kucni-uredi-2.jpg","width":1920,"height":1493},{"@type":"BreadcrumbList","@id":"https:\/\/danijel-interijeri.com\/de\/wettbewerb\/#breadcrumb","itemListElement":[{"@type":"ListItem","position":1,"name":"Po\u010detna stranica","item":"https:\/\/danijel-interijeri.com\/de\/heim\/"},{"@type":"ListItem","position":2,"name":"Wettbewerb"}]},{"@type":"WebSite","@id":"https:\/\/danijel-interijeri.com\/ru\/#website","url":"https:\/\/danijel-interijeri.com\/ru\/","name":"Danijel interijeri d.o.o. - Nema ograni\u010denja, samo mogu\u0107nosti!","description":"Vebsajt u izradi","publisher":{"@id":"https:\/\/danijel-interijeri.com\/ru\/#organization"},"alternateName":"Danijel interijeri d.o.o. - Nema ograni\u010denja, samo mogu\u0107nosti","potentialAction":[{"@type":"SearchAction","target":{"@type":"EntryPoint","urlTemplate":"https:\/\/danijel-interijeri.com\/ru\/?s={search_term_string}"},"query-input":{"@type":"PropertyValueSpecification","valueRequired":true,"valueName":"search_term_string"}}],"inLanguage":"de"},{"@type":"Organization","@id":"https:\/\/danijel-interijeri.com\/ru\/#organization","name":"Danijel interijeri d.o.o.","url":"https:\/\/danijel-interijeri.com\/ru\/","logo":{"@type":"ImageObject","inLanguage":"de","@id":"https:\/\/danijel-interijeri.com\/ru\/#\/schema\/logo\/image\/","url":"https:\/\/danijel-interijeri.com\/wp-content\/uploads\/danijel-interijeri-Izrada-namjestaja-po-mjeri-hrvatska-logo.jpg","contentUrl":"https:\/\/danijel-interijeri.com\/wp-content\/uploads\/danijel-interijeri-Izrada-namjestaja-po-mjeri-hrvatska-logo.jpg","width":247,"height":108,"caption":"Danijel interijeri d.o.o."},"image":{"@id":"https:\/\/danijel-interijeri.com\/ru\/#\/schema\/logo\/image\/"},"sameAs":["https:\/\/www.facebook.com\/danijelinterijeri"]}]}},"meta_box":{"section_3_slike_1":[],"section_3_slike_2":[],"section_3_slike_3":[],"hero_slika":[],"content_section_slika_1":[],"content_section_slika_2":[],"content_section_slika_3":[],"content_section_slika_4":[],"o_nama_video":[],"footer_cta_slika":[],"content_section_slika_veca":[],"content_section_slika_manja":[],"dark_section_velika_slika":[],"dark_section_2_velika_slika":[],"galerija":[],"hide_in_loops":"","header_overlay_style":"","footer_cta":""},"_links":{"self":[{"href":"https:\/\/danijel-interijeri.com\/de\/wp-json\/wp\/v2\/pages\/4044","targetHints":{"allow":["GET"]}}],"collection":[{"href":"https:\/\/danijel-interijeri.com\/de\/wp-json\/wp\/v2\/pages"}],"about":[{"href":"https:\/\/danijel-interijeri.com\/de\/wp-json\/wp\/v2\/types\/page"}],"author":[{"embeddable":true,"href":"https:\/\/danijel-interijeri.com\/de\/wp-json\/wp\/v2\/users\/3"}],"replies":[{"embeddable":true,"href":"https:\/\/danijel-interijeri.com\/de\/wp-json\/wp\/v2\/comments?post=4044"}],"version-history":[{"count":2,"href":"https:\/\/danijel-interijeri.com\/de\/wp-json\/wp\/v2\/pages\/4044\/revisions"}],"predecessor-version":[{"id":6984,"href":"https:\/\/danijel-interijeri.com\/de\/wp-json\/wp\/v2\/pages\/4044\/revisions\/6984"}],"wp:featuredmedia":[{"embeddable":true,"href":"https:\/\/danijel-interijeri.com\/de\/wp-json\/wp\/v2\/media\/5619"}],"wp:attachment":[{"href":"https:\/\/danijel-interijeri.com\/de\/wp-json\/wp\/v2\/media?parent=4044"}],"wp:term":[{"taxonomy":"hf_cat_page","embeddable":true,"href":"https:\/\/danijel-interijeri.com\/de\/wp-json\/wp\/v2\/hf_cat_page?post=4044"}],"curies":[{"name":"wp","href":"https:\/\/api.w.org\/{rel}","templated":true}]}}